{"id":3599,"date":"2021-03-05T15:19:21","date_gmt":"2021-03-05T14:19:21","guid":{"rendered":"http:\/\/rws-elektro.com\/referenzen\/"},"modified":"2021-05-02T11:23:40","modified_gmt":"2021-05-02T09:23:40","slug":"referenzen","status":"publish","type":"page","link":"https:\/\/rws-elektro.com\/en\/referenzen\/","title":{"rendered":"Referenzen"},"content":{"rendered":"<p>[vc_row][vc_column][vc_empty_space height=&#8221;40px&#8221;]\n    <div class=\" dustrial-stitle-69fc4e0e437e9 section-title  wow \">\n      <div class=\"section-thumb\"><img src=\"https:\/\/rws-elektro.com\/wp-content\/uploads\/2019\/01\/title-icon-1-2.png\" alt=\"title icon\"><\/div>\n      <div class=\"section-body\">\n        <h6 class=\"sub-title activeColor\"><\/h6>\n        <h3 class=\"m-0 main-title\">Referenzen<\/h3>\n      <\/div>\n    <\/div>\n\n  [vc_empty_space][\/vc_column][\/vc_row][vc_row][vc_column][vc_tta_accordion][vc_tta_section title=&#8221;Gasmotorenkraftwerk Tyumen (Russland)&#8221; tab_id=&#8221;1614954466157-6d6884c2-9871&#8243;][vc_row_inner][vc_column_inner width=&#8221;1\/4&#8243;][vc_single_image image=&#8221;2996&#8243; img_size=&#8221;medium&#8221; onclick=&#8221;link_image&#8221;][\/vc_column_inner][vc_column_inner width=&#8221;3\/4&#8243;][vc_empty_space height=&#8221;40px&#8221;][vc_column_text]<strong>Auftraggeber<\/strong>: MAC energy systems GmbH &amp; Co. KG<\/p>\n<p><strong>Auftragsumfang<\/strong>: Planung, Lieferung, Bau\u00fcberwachung, Programmierung, Inbetriebnahme<\/p>\n<p><strong>Lieferung<\/strong>: Mittelspannungsanlage, Transformatoren, Lastbank, Speichersystem (Supercap)[\/vc_column_text][\/vc_column_inner][\/vc_row_inner][vc_row_inner][vc_column_inner]<div class=\"gallery-style2\">\n  <ul class=\"docs-pictures clearfix row \">\n        <li class=\"col-xl-4 wow    mb-30 col-md-6\"><img data-original=\"https:\/\/rws-elektro.com\/wp-content\/uploads\/2021\/03\/BHKW-TYUMEN-scaled.jpg\" src=\"https:\/\/rws-elektro.com\/wp-content\/uploads\/2021\/03\/BHKW-TYUMEN-scaled.jpg\" alt=\"Cuo Na Lake\"><\/li>\n        <li class=\"col-xl-4 wow    mb-30 col-md-6\"><img data-original=\"https:\/\/rws-elektro.com\/wp-content\/uploads\/2021\/03\/MS-ANLAGE-TYUMEN-scaled.jpg\" src=\"https:\/\/rws-elektro.com\/wp-content\/uploads\/2021\/03\/MS-ANLAGE-TYUMEN-scaled.jpg\" alt=\"Cuo Na Lake\"><\/li>\n        <li class=\"col-xl-4 wow    mb-30 col-md-6\"><img data-original=\"https:\/\/rws-elektro.com\/wp-content\/uploads\/2021\/03\/REFERENZ_1-scaled.jpg\" src=\"https:\/\/rws-elektro.com\/wp-content\/uploads\/2021\/03\/REFERENZ_1-scaled.jpg\" alt=\"Cuo Na Lake\"><\/li>\n      <\/ul>\n<\/div>\n[\/vc_column_inner][\/vc_row_inner][\/vc_tta_section][vc_tta_section title=&#8221;HKW Noginsk (Russland)&#8221; tab_id=&#8221;1614954466173-61898bf8-64c7&#8243;][vc_row_inner][vc_column_inner width=&#8221;1\/2&#8243;][vc_empty_space height=&#8221;40px&#8221;][vc_column_text]<strong>Auftraggeber<\/strong>: Dega Invest<\/p>\n<p><strong>Auftragsumfang<\/strong>: Planung, Lieferung, Bau\u00fcberwachung, Programmierung, Inbetriebnahme<\/p>\n<p><strong>Lieferung<\/strong>: Mittelspannungsanlage, Transformatoren, Mittelspannungssanftstarter Niederspannungsschaltanlage, Steuerschr\u00e4nke, Software PCS7[\/vc_column_text][\/vc_column_inner][vc_column_inner width=&#8221;1\/2&#8243;][vc_single_image image=&#8221;3012&#8243; img_size=&#8221;large&#8221; onclick=&#8221;link_image&#8221;][\/vc_column_inner][\/vc_row_inner][vc_row_inner][vc_column_inner]<div class=\"gallery-style2\">\n  <ul class=\"docs-pictures clearfix row \">\n        <li class=\"col-xl-6 wow    mb-30 col-md-6\"><img data-original=\"https:\/\/rws-elektro.com\/wp-content\/uploads\/2021\/03\/S4200328.jpg\" src=\"https:\/\/rws-elektro.com\/wp-content\/uploads\/2021\/03\/S4200328.jpg\" alt=\"Cuo Na Lake\"><\/li>\n        <li class=\"col-xl-6 wow    mb-30 col-md-6\"><img data-original=\"https:\/\/rws-elektro.com\/wp-content\/uploads\/2021\/03\/S4200343.jpg\" src=\"https:\/\/rws-elektro.com\/wp-content\/uploads\/2021\/03\/S4200343.jpg\" alt=\"Cuo Na Lake\"><\/li>\n      <\/ul>\n<\/div>\n[\/vc_column_inner][\/vc_row_inner][\/vc_tta_section][vc_tta_section title=&#8221;Wasseraufbereitung Biblis&#8221; tab_id=&#8221;1614955882378-58283fee-2cac&#8221;][vc_empty_space height=&#8221;40px&#8221;][vc_row_inner][vc_column_inner][vc_column_text]<strong>Auftraggeber<\/strong>: Westinghouse\u00a0 <strong>Auftragsumfang<\/strong>: Programmierung PCS7[\/vc_column_text][\/vc_column_inner][\/vc_row_inner][vc_row_inner][vc_column_inner]<div class=\"gallery-style2\">\n  <ul class=\"docs-pictures clearfix row \">\n        <li class=\"col-xl-6 wow    mb-30 col-md-6\"><img data-original=\"https:\/\/rws-elektro.com\/wp-content\/uploads\/2021\/03\/Bild-3.png\" src=\"https:\/\/rws-elektro.com\/wp-content\/uploads\/2021\/03\/Bild-3.png\" alt=\"Cuo Na Lake\"><\/li>\n        <li class=\"col-xl-6 wow    mb-30 col-md-6\"><img data-original=\"https:\/\/rws-elektro.com\/wp-content\/uploads\/2021\/03\/Bild-2.png\" src=\"https:\/\/rws-elektro.com\/wp-content\/uploads\/2021\/03\/Bild-2.png\" alt=\"Cuo Na Lake\"><\/li>\n      <\/ul>\n<\/div>\n[\/vc_column_inner][\/vc_row_inner][\/vc_tta_section][vc_tta_section title=&#8221;Wasseraufbereitung Heizkraftwerk Dresden Nord&#8221; tab_id=&#8221;1614956140333-71901c56-5b65&#8243;][vc_row_inner][vc_column_inner width=&#8221;1\/4&#8243;][vc_single_image image=&#8221;3029&#8243; img_size=&#8221;large&#8221; onclick=&#8221;link_image&#8221;][\/vc_column_inner][vc_column_inner width=&#8221;3\/4&#8243;][vc_empty_space height=&#8221;40px&#8221;][vc_column_text]<strong>Auftraggeber<\/strong>: Kraftwerk Anlagentechnik M\u00fcnchen, NL Dresden<\/p>\n<p><strong>Auftragsumfang<\/strong>: Planung, Lieferung, Montage, Programmierung und Inbetriebnahme<\/p>\n<p><strong>Lieferumfang<\/strong>: Steuerschr\u00e4nke[\/vc_column_text][\/vc_column_inner][\/vc_row_inner][vc_row_inner][vc_column_inner]<div class=\"gallery-style2\">\n  <ul class=\"docs-pictures clearfix row \">\n        <li class=\"col-xl-6 wow    mb-30 col-md-6\"><img data-original=\"https:\/\/rws-elektro.com\/wp-content\/uploads\/2021\/03\/HKW-Dresden-Nord-1.jpg\" src=\"https:\/\/rws-elektro.com\/wp-content\/uploads\/2021\/03\/HKW-Dresden-Nord-1.jpg\" alt=\"Cuo Na Lake\"><\/li>\n        <li class=\"col-xl-6 wow    mb-30 col-md-6\"><img data-original=\"https:\/\/rws-elektro.com\/wp-content\/uploads\/2021\/03\/Bild2.png\" src=\"https:\/\/rws-elektro.com\/wp-content\/uploads\/2021\/03\/Bild2.png\" alt=\"Cuo Na Lake\"><\/li>\n      <\/ul>\n<\/div>\n[\/vc_column_inner][\/vc_row_inner][\/vc_tta_section][vc_tta_section title=&#8221;Heizkondensator&#8221; tab_id=&#8221;1614956703915-c9adbbc2-75c5&#8243;][vc_empty_space height=&#8221;40px&#8221;][vc_row_inner][vc_column_inner][vc_column_text]<strong>Auftraggeber<\/strong>: Kraftwerk Anlagentechnik M\u00fcnchen, NL Dresden<\/p>\n<p><strong>Auftragsumfang<\/strong>: Planung, Lieferung, Montage, Programmierung Inbetriebnahme<\/p>\n<p><strong>Lieferumfang<\/strong>: Steuerschr\u00e4nke f\u00fcr Steuerung Heizkondensator[\/vc_column_text][\/vc_column_inner][\/vc_row_inner][\/vc_tta_section][vc_tta_section title=&#8221;Pumpspeicherwerk Goldisthal&#8221; tab_id=&#8221;1614956838629-c2470714-0512&#8243;][vc_row_inner][vc_column_inner][vc_empty_space height=&#8221;40px&#8221;][vc_column_text]<strong>Auftraggeber<\/strong>: Kraftwerk Anlagentechnik M\u00fcnchen, NL Dresden<\/p>\n<p><strong>Auftragsumfang<\/strong>: Planung, Lieferung, Montage, Programmierung Inbetriebnahme<\/p>\n<p><strong>Lieferumfang<\/strong>: Steuerschr\u00e4nke f\u00fcr K\u00fchlungsanlage[\/vc_column_text][\/vc_column_inner][\/vc_row_inner][\/vc_tta_section][vc_tta_section title=&#8221;Mehrere BHKW Deutschland&#8221; tab_id=&#8221;1614957170599-a55aec31-c534&#8243;][vc_row_inner][vc_column_inner width=&#8221;1\/4&#8243;][vc_single_image image=&#8221;3047&#8243; img_size=&#8221;large&#8221; onclick=&#8221;link_image&#8221;][\/vc_column_inner][vc_column_inner width=&#8221;3\/4&#8243;][vc_empty_space height=&#8221;40px&#8221;][vc_column_text]<strong>Auftraggeber<\/strong>: Kofler Energie<\/p>\n<p><strong>Auftragsumfang<\/strong>: Planung, Lieferung, Montage, Programmierung, Inbetriebnahme<\/p>\n<p><strong>Lieferumfang<\/strong>: Steuerschr\u00e4nke, Trafostation und Mittelspannungsanlage[\/vc_column_text][\/vc_column_inner][\/vc_row_inner][vc_row_inner][vc_column_inner]<div class=\"gallery-style2\">\n  <ul class=\"docs-pictures clearfix row \">\n        <li class=\"col-xl-6 wow    mb-30 col-md-6\"><img data-original=\"https:\/\/rws-elektro.com\/wp-content\/uploads\/2021\/03\/Deutz_1.bmp\" src=\"https:\/\/rws-elektro.com\/wp-content\/uploads\/2021\/03\/Deutz_1.bmp\" alt=\"Cuo Na Lake\"><\/li>\n        <li class=\"col-xl-6 wow    mb-30 col-md-6\"><img data-original=\"https:\/\/rws-elektro.com\/wp-content\/uploads\/2021\/03\/Wiesbaden-1.jpg\" src=\"https:\/\/rws-elektro.com\/wp-content\/uploads\/2021\/03\/Wiesbaden-1.jpg\" alt=\"Cuo Na Lake\"><\/li>\n      <\/ul>\n<\/div>\n<div class=\"gallery-style2\">\n  <ul class=\"docs-pictures clearfix row \">\n        <li class=\"col-xl-4 wow    mb-30 col-md-6\"><img data-original=\"https:\/\/rws-elektro.com\/wp-content\/uploads\/2021\/03\/IBN-MS-ANLAGE-scaled.jpg\" src=\"https:\/\/rws-elektro.com\/wp-content\/uploads\/2021\/03\/IBN-MS-ANLAGE-scaled.jpg\" alt=\"Cuo Na Lake\"><\/li>\n        <li class=\"col-xl-4 wow    mb-30 col-md-6\"><img data-original=\"https:\/\/rws-elektro.com\/wp-content\/uploads\/2021\/03\/REFERENZ_9-scaled.jpg\" src=\"https:\/\/rws-elektro.com\/wp-content\/uploads\/2021\/03\/REFERENZ_9-scaled.jpg\" alt=\"Cuo Na Lake\"><\/li>\n        <li class=\"col-xl-4 wow    mb-30 col-md-6\"><img data-original=\"https:\/\/rws-elektro.com\/wp-content\/uploads\/2021\/03\/REFERENZ_11-scaled.jpg\" src=\"https:\/\/rws-elektro.com\/wp-content\/uploads\/2021\/03\/REFERENZ_11-scaled.jpg\" alt=\"Cuo Na Lake\"><\/li>\n        <li class=\"col-xl-4 wow    mb-30 col-md-6\"><img data-original=\"https:\/\/rws-elektro.com\/wp-content\/uploads\/2021\/03\/IMG-20180424-WA0004.jpg\" src=\"https:\/\/rws-elektro.com\/wp-content\/uploads\/2021\/03\/IMG-20180424-WA0004.jpg\" alt=\"Cuo Na Lake\"><\/li>\n        <li class=\"col-xl-4 wow    mb-30 col-md-6\"><img data-original=\"https:\/\/rws-elektro.com\/wp-content\/uploads\/2021\/03\/REFERENZ_10-scaled.jpg\" src=\"https:\/\/rws-elektro.com\/wp-content\/uploads\/2021\/03\/REFERENZ_10-scaled.jpg\" alt=\"Cuo Na Lake\"><\/li>\n        <li class=\"col-xl-4 wow    mb-30 col-md-6\"><img data-original=\"https:\/\/rws-elektro.com\/wp-content\/uploads\/2021\/03\/REFERENZ_12-scaled.jpg\" src=\"https:\/\/rws-elektro.com\/wp-content\/uploads\/2021\/03\/REFERENZ_12-scaled.jpg\" alt=\"Cuo Na Lake\"><\/li>\n        <li class=\"col-xl-4 wow    mb-30 col-md-6\"><img data-original=\"https:\/\/rws-elektro.com\/wp-content\/uploads\/2021\/05\/IMG-20190910-WA0037.jpg\" src=\"https:\/\/rws-elektro.com\/wp-content\/uploads\/2021\/05\/IMG-20190910-WA0037.jpg\" alt=\"Cuo Na Lake\"><\/li>\n      <\/ul>\n<\/div>\n[\/vc_column_inner][\/vc_row_inner][\/vc_tta_section][vc_tta_section title=&#8221;Mehrere BHKW in Tunesien, Iran&#8221; tab_id=&#8221;1614958153209-92d4b56d-99b7&#8243;][vc_row_inner][vc_column_inner width=&#8221;1\/2&#8243;][vc_single_image image=&#8221;3051&#8243; img_size=&#8221;large&#8221; onclick=&#8221;link_image&#8221;][\/vc_column_inner][vc_column_inner width=&#8221;1\/2&#8243;][vc_empty_space height=&#8221;40px&#8221;][vc_column_text]<strong>Auftraggeber<\/strong>: MAC energy systems GmbH &amp; Co. KG<\/p>\n<p><strong>Auftragsumgebung<\/strong>: Planung, Lieferung, Montage, Programmierung, Inbetriebnahme<\/p>\n<p><strong>Lieferumfang<\/strong>: Steuerschr\u00e4nke, Lastbank, Leistungsschr\u00e4nke[\/vc_column_text][\/vc_column_inner][\/vc_row_inner][vc_row_inner][vc_column_inner]<div class=\"gallery-style2\">\n  <ul class=\"docs-pictures clearfix row \">\n        <li class=\"col-xl-6 wow    mb-30 col-md-6\"><img data-original=\"https:\/\/rws-elektro.com\/wp-content\/uploads\/2021\/03\/BHKW.jpg\" src=\"https:\/\/rws-elektro.com\/wp-content\/uploads\/2021\/03\/BHKW.jpg\" alt=\"Cuo Na Lake\"><\/li>\n        <li class=\"col-xl-6 wow    mb-30 col-md-6\"><img data-original=\"https:\/\/rws-elektro.com\/wp-content\/uploads\/2021\/03\/IBN-TUNESIEN-1-scaled.jpg\" src=\"https:\/\/rws-elektro.com\/wp-content\/uploads\/2021\/03\/IBN-TUNESIEN-1-scaled.jpg\" alt=\"Cuo Na Lake\"><\/li>\n        <li class=\"col-xl-6 wow    mb-30 col-md-6\"><img data-original=\"https:\/\/rws-elektro.com\/wp-content\/uploads\/2021\/03\/BLOCK-TRAFO-2MW-GASMOTOR-scaled.jpg\" src=\"https:\/\/rws-elektro.com\/wp-content\/uploads\/2021\/03\/BLOCK-TRAFO-2MW-GASMOTOR-scaled.jpg\" alt=\"Cuo Na Lake\"><\/li>\n        <li class=\"col-xl-6 wow    mb-30 col-md-6\"><img data-original=\"https:\/\/rws-elektro.com\/wp-content\/uploads\/2021\/03\/SCHALTANLAGE3-scaled.jpg\" src=\"https:\/\/rws-elektro.com\/wp-content\/uploads\/2021\/03\/SCHALTANLAGE3-scaled.jpg\" alt=\"Cuo Na Lake\"><\/li>\n      <\/ul>\n<\/div>\n[\/vc_column_inner][\/vc_row_inner][\/vc_tta_section][vc_tta_section title=&#8221;Bau \/ Inbetriebnahme BHKW \/ Kraftwerksanlagen Anlagen&#8221; tab_id=&#8221;1614958934740-5063615c-dba4&#8243;][vc_row_inner][vc_column_inner width=&#8221;1\/2&#8243;][vc_single_image image=&#8221;3059&#8243; img_size=&#8221;large&#8221; onclick=&#8221;link_image&#8221;][\/vc_column_inner][vc_column_inner width=&#8221;1\/2&#8243;][vc_empty_space height=&#8221;40px&#8221;][vc_column_text]<strong>Tunesien, China, Russland, USA, Kanada, Deutschland, Polen, Tschechien, Slowakei, Rum\u00e4nien, Slowenien<\/strong><\/p>\n<p><strong>Auftraggeber<\/strong>:<\/p>\n<p>EWA Elektrotechnik Wachenheim GmbH,<br \/>\nMWM,<br \/>\nHumboldt Lotz,<br \/>\nSaarberg Fernw\u00e4rme<\/p>\n<p><strong>Auftragsumfang<\/strong>: Planung, Lieferung, Montage, Programmierung, Inbetriebnahme[\/vc_column_text][\/vc_column_inner][\/vc_row_inner][vc_row_inner][vc_column_inner]<div class=\"gallery-style2\">\n  <ul class=\"docs-pictures clearfix row \">\n        <li class=\"col-xl-4 wow    mb-30 col-md-6\"><img data-original=\"https:\/\/rws-elektro.com\/wp-content\/uploads\/2021\/03\/Suzeck-1.jpg\" src=\"https:\/\/rws-elektro.com\/wp-content\/uploads\/2021\/03\/Suzeck-1.jpg\" alt=\"Cuo Na Lake\"><\/li>\n        <li class=\"col-xl-4 wow    mb-30 col-md-6\"><img data-original=\"https:\/\/rws-elektro.com\/wp-content\/uploads\/2021\/03\/Suzeck-2.jpg\" src=\"https:\/\/rws-elektro.com\/wp-content\/uploads\/2021\/03\/Suzeck-2.jpg\" alt=\"Cuo Na Lake\"><\/li>\n        <li class=\"col-xl-4 wow    mb-30 col-md-6\"><img data-original=\"https:\/\/rws-elektro.com\/wp-content\/uploads\/2021\/03\/Kulmbach.png\" src=\"https:\/\/rws-elektro.com\/wp-content\/uploads\/2021\/03\/Kulmbach.png\" alt=\"Cuo Na Lake\"><\/li>\n        <li class=\"col-xl-4 wow    mb-30 col-md-6\"><img data-original=\"https:\/\/rws-elektro.com\/wp-content\/uploads\/2021\/03\/REFERENZ_13-scaled.jpg\" src=\"https:\/\/rws-elektro.com\/wp-content\/uploads\/2021\/03\/REFERENZ_13-scaled.jpg\" alt=\"Cuo Na Lake\"><\/li>\n        <li class=\"col-xl-4 wow    mb-30 col-md-6\"><img data-original=\"https:\/\/rws-elektro.com\/wp-content\/uploads\/2021\/03\/P3120006.jpg\" src=\"https:\/\/rws-elektro.com\/wp-content\/uploads\/2021\/03\/P3120006.jpg\" alt=\"Cuo Na Lake\"><\/li>\n        <li class=\"col-xl-4 wow    mb-30 col-md-6\"><img data-original=\"https:\/\/rws-elektro.com\/wp-content\/uploads\/2021\/03\/REFERENZ_2.jpg\" src=\"https:\/\/rws-elektro.com\/wp-content\/uploads\/2021\/03\/REFERENZ_2.jpg\" alt=\"Cuo Na Lake\"><\/li>\n      <\/ul>\n<\/div>\n<div class=\"gallery-style2\">\n  <ul class=\"docs-pictures clearfix row \">\n        <li class=\"col-xl-3 wow    mb-30 col-md-6\"><img data-original=\"https:\/\/rws-elektro.com\/wp-content\/uploads\/2021\/03\/REFERENZ_4-scaled.jpg\" src=\"https:\/\/rws-elektro.com\/wp-content\/uploads\/2021\/03\/REFERENZ_4-scaled.jpg\" alt=\"Cuo Na Lake\"><\/li>\n        <li class=\"col-xl-3 wow    mb-30 col-md-6\"><img data-original=\"https:\/\/rws-elektro.com\/wp-content\/uploads\/2021\/03\/Deutz_2.bmp\" src=\"https:\/\/rws-elektro.com\/wp-content\/uploads\/2021\/03\/Deutz_2.bmp\" alt=\"Cuo Na Lake\"><\/li>\n        <li class=\"col-xl-3 wow    mb-30 col-md-6\"><img data-original=\"https:\/\/rws-elektro.com\/wp-content\/uploads\/2021\/03\/REFERENZ_3-scaled.jpg\" src=\"https:\/\/rws-elektro.com\/wp-content\/uploads\/2021\/03\/REFERENZ_3-scaled.jpg\" alt=\"Cuo Na Lake\"><\/li>\n        <li class=\"col-xl-3 wow    mb-30 col-md-6\"><img data-original=\"https:\/\/rws-elektro.com\/wp-content\/uploads\/2021\/03\/IBN-KANADA1-scaled.jpg\" src=\"https:\/\/rws-elektro.com\/wp-content\/uploads\/2021\/03\/IBN-KANADA1-scaled.jpg\" alt=\"Cuo Na Lake\"><\/li>\n        <li class=\"col-xl-3 wow    mb-30 col-md-6\"><img data-original=\"https:\/\/rws-elektro.com\/wp-content\/uploads\/2021\/03\/REFERENZ_8.jpg\" src=\"https:\/\/rws-elektro.com\/wp-content\/uploads\/2021\/03\/REFERENZ_8.jpg\" alt=\"Cuo Na Lake\"><\/li>\n        <li class=\"col-xl-3 wow    mb-30 col-md-6\"><img data-original=\"https:\/\/rws-elektro.com\/wp-content\/uploads\/2021\/03\/REFERENZ_14-scaled.jpg\" src=\"https:\/\/rws-elektro.com\/wp-content\/uploads\/2021\/03\/REFERENZ_14-scaled.jpg\" alt=\"Cuo Na Lake\"><\/li>\n        <li class=\"col-xl-3 wow    mb-30 col-md-6\"><img data-original=\"https:\/\/rws-elektro.com\/wp-content\/uploads\/2021\/03\/SDC10345.jpg\" src=\"https:\/\/rws-elektro.com\/wp-content\/uploads\/2021\/03\/SDC10345.jpg\" alt=\"Cuo Na Lake\"><\/li>\n        <li class=\"col-xl-3 wow    mb-30 col-md-6\"><img data-original=\"https:\/\/rws-elektro.com\/wp-content\/uploads\/2021\/03\/Unbenannt.png\" src=\"https:\/\/rws-elektro.com\/wp-content\/uploads\/2021\/03\/Unbenannt.png\" alt=\"Cuo Na Lake\"><\/li>\n      <\/ul>\n<\/div>\n[\/vc_column_inner][\/vc_row_inner][\/vc_tta_section][vc_tta_section title=&#8221;Inbetriebnahme Stahlwerksanlagen&#8221; tab_id=&#8221;1614960406976-6ba71a1c-69df&#8221;][vc_row_inner][vc_column_inner width=&#8221;1\/4&#8243;][vc_single_image image=&#8221;3086&#8243; img_size=&#8221;medium&#8221; onclick=&#8221;link_image&#8221;][\/vc_column_inner][vc_column_inner width=&#8221;3\/4&#8243;][vc_empty_space height=&#8221;40px&#8221;][vc_column_text]<strong>Deutschland, Russland, China<\/strong><\/p>\n<p><strong>Auftraggeber<\/strong>: Siemens VAI<\/p>\n<p><strong>Auftragsumfang<\/strong>: Bau\u00fcberwachung, Programmierung, Inbetriebnahme[\/vc_column_text][\/vc_column_inner][\/vc_row_inner][vc_row_inner][vc_column_inner]<div class=\"gallery-style2\">\n  <ul class=\"docs-pictures clearfix row \">\n        <li class=\"col-xl-4 wow    mb-30 col-md-6\"><img data-original=\"https:\/\/rws-elektro.com\/wp-content\/uploads\/2021\/03\/P3160067-scaled.jpg\" src=\"https:\/\/rws-elektro.com\/wp-content\/uploads\/2021\/03\/P3160067-scaled.jpg\" alt=\"Cuo Na Lake\"><\/li>\n        <li class=\"col-xl-4 wow    mb-30 col-md-6\"><img data-original=\"https:\/\/rws-elektro.com\/wp-content\/uploads\/2021\/03\/100_2445-scaled.jpg\" src=\"https:\/\/rws-elektro.com\/wp-content\/uploads\/2021\/03\/100_2445-scaled.jpg\" alt=\"Cuo Na Lake\"><\/li>\n        <li class=\"col-xl-4 wow    mb-30 col-md-6\"><img data-original=\"https:\/\/rws-elektro.com\/wp-content\/uploads\/2021\/03\/100_2440-scaled.jpg\" src=\"https:\/\/rws-elektro.com\/wp-content\/uploads\/2021\/03\/100_2440-scaled.jpg\" alt=\"Cuo Na Lake\"><\/li>\n      <\/ul>\n<\/div>\n[\/vc_column_inner][\/vc_row_inner][\/vc_tta_section][\/vc_tta_accordion][\/vc_column][\/vc_row]<\/p>\n","protected":false},"excerpt":{"rendered":"<p>[vc_row][vc_column][vc_empty_space height=&#8221;40px&#8221;][vc_empty_space][\/vc_column][\/vc_row][vc_row][vc_column][vc_tta_accordion][vc_tta_section title=&#8221;Gasmotorenkraftwerk Tyumen (Russland)&#8221; tab_id=&#8221;1614954466157-6d6884c2-9871&#8243;][vc_row_inner][vc_column_inner width=&#8221;1\/4&#8243;][vc_single_image image=&#8221;2996&#8243; img_size=&#8221;medium&#8221; onclick=&#8221;link_image&#8221;][\/vc_column_inner][vc_column_inner width=&#8221;3\/4&#8243;][vc_empty_space height=&#8221;40px&#8221;][vc_column_text]Auftraggeber: MAC energy systems GmbH &amp; Co. KG Auftragsumfang: Planung, Lieferung, Bau\u00fcberwachung, Programmierung, Inbetriebnahme Lieferung: Mittelspannungsanlage, Transformatoren, Lastbank, Speichersystem (Supercap)[\/vc_column_text][\/vc_column_inner][\/vc_row_inner][vc_row_inner][vc_column_inner][\/vc_column_inner][\/vc_row_inner][\/vc_tta_section][vc_tta_section title=&#8221;HKW Noginsk (Russland)&#8221; tab_id=&#8221;1614954466173-61898bf8-64c7&#8243;][vc_row_inner][vc_column_inner width=&#8221;1\/2&#8243;][vc_empty_space height=&#8221;40px&#8221;][vc_column_text]Auftraggeber: Dega Invest Auftragsumfang: Planung, Lieferung, Bau\u00fcberwachung, Programmierung, Inbetriebnahme Lieferung: Mittelspannungsanlage, Transformatoren, Mittelspannungssanftstarter Niederspannungsschaltanlage, Steuerschr\u00e4nke, Software PCS7[\/vc_column_text][\/vc_column_inner][vc_column_inner width=&#8221;1\/2&#8243;][vc_single_image image=&#8221;3012&#8243; [&hellip;]<\/p>\n","protected":false},"author":1,"featured_media":0,"parent":0,"menu_order":0,"comment_status":"closed","ping_status":"closed","template":"page-template\/blank-page-sidebar.php","meta":[],"_links":{"self":[{"href":"https:\/\/rws-elektro.com\/en\/wp-json\/wp\/v2\/pages\/3599"}],"collection":[{"href":"https:\/\/rws-elektro.com\/en\/wp-json\/wp\/v2\/pages"}],"about":[{"href":"https:\/\/rws-elektro.com\/en\/wp-json\/wp\/v2\/types\/page"}],"author":[{"embeddable":true,"href":"https:\/\/rws-elektro.com\/en\/wp-json\/wp\/v2\/users\/1"}],"replies":[{"embeddable":true,"href":"https:\/\/rws-elektro.com\/en\/wp-json\/wp\/v2\/comments?post=3599"}],"version-history":[{"count":2,"href":"https:\/\/rws-elektro.com\/en\/wp-json\/wp\/v2\/pages\/3599\/revisions"}],"predecessor-version":[{"id":3684,"href":"https:\/\/rws-elektro.com\/en\/wp-json\/wp\/v2\/pages\/3599\/revisions\/3684"}],"wp:attachment":[{"href":"https:\/\/rws-elektro.com\/en\/wp-json\/wp\/v2\/media?parent=3599"}],"curies":[{"name":"wp","href":"https:\/\/api.w.org\/{rel}","templated":true}]}}