{"id":3480,"date":"2021-04-20T17:57:57","date_gmt":"2021-04-20T15:57:57","guid":{"rendered":"https:\/\/rws-elektro.com\/service-des-unites-de-cogeneration\/"},"modified":"2021-04-20T17:57:58","modified_gmt":"2021-04-20T15:57:58","slug":"service-des-unites-de-cogeneration","status":"publish","type":"page","link":"https:\/\/rws-elektro.com\/fr\/rws-service-africa-sarl\/service-des-unites-de-cogeneration\/","title":{"rendered":"Service des Unit\u00e9s de Cog\u00e9n\u00e9ration"},"content":{"rendered":"<p>[vc_row][vc_column][vc_empty_space height=\u00a0\u00bb40px\u00a0\u00bb][vc_wp_custommenu nav_menu=\u00a0\u00bb36&Prime; el_class=\u00a0\u00bbfirmennavi\u00a0\u00bb][vc_empty_space height=\u00a0\u00bb40px\u00a0\u00bb][\/vc_column][\/vc_row][vc_row][vc_column]\n    <div class=\" dustrial-stitle-69fc443fd9778 section-title  wow \">\n      <div class=\"section-thumb\"><img src=\"https:\/\/rws-elektro.com\/wp-content\/uploads\/2019\/01\/title-icon-1-2.png\" alt=\"title icon\"><\/div>\n      <div class=\"section-body\">\n        <h6 class=\"sub-title activeColor\">RWS Service Africa Sarl<\/h6>\n        <h3 class=\"m-0 main-title\">Service des Unit\u00e9s de Cog\u00e9n\u00e9ration<\/h3>\n      <\/div>\n    <\/div>\n\n  [vc_column_text]Les unit\u00e9s de cog\u00e9n\u00e9ration sont r\u00e9guli\u00e8rement entretenues par des techniciens bien form\u00e9s. Nous n\u2019observons pas seulement le moteur lui-m\u00eame, mais nous v\u00e9rifions les unit\u00e9s de cog\u00e9n\u00e9ration dans son ensemble. Car ce n\u2019est que lorsque la p\u00e9riph\u00e9rie fonctionne correctement que le client peut utiliser correctement tout le potentiel de la cog\u00e9n\u00e9ration.[\/vc_column_text][\/vc_column][\/vc_row][vc_row][vc_column][vc_separator][\/vc_column][\/vc_row][vc_row][vc_column]<div class=\"image-gallery\">\n  <div class=\"row \">\n        <div class=\"col-xl-4   col-md-6\">    \n      <div class=\"dustrial-gallery-item wow  mb-30\">\n          <img src=\"https:\/\/rws-elektro.com\/wp-content\/uploads\/2021\/01\/Bild-21-scaled.jpeg\" alt=\"Images\" \/>\n          <div class=\"overlay\"><\/div>  \n          <div class=\"search \">\n            <a class=\"sb\" href=\"https:\/\/rws-elektro.com\/wp-content\/uploads\/2021\/01\/Bild-21-scaled.jpeg\">\n              <i class=\"fa fa-crosshairs\"><\/i>\n            <\/a>          \n          <\/div>\n      <\/div>\n    <\/div>\n        <div class=\"col-xl-4   col-md-6\">    \n      <div class=\"dustrial-gallery-item wow  mb-30\">\n          <img src=\"https:\/\/rws-elektro.com\/wp-content\/uploads\/2021\/01\/Bild-24-scaled.jpg\" alt=\"Images\" \/>\n          <div class=\"overlay\"><\/div>  \n          <div class=\"search \">\n            <a class=\"sb\" href=\"https:\/\/rws-elektro.com\/wp-content\/uploads\/2021\/01\/Bild-24-scaled.jpg\">\n              <i class=\"fa fa-crosshairs\"><\/i>\n            <\/a>          \n          <\/div>\n      <\/div>\n    <\/div>\n        <div class=\"col-xl-4   col-md-6\">    \n      <div class=\"dustrial-gallery-item wow  mb-30\">\n          <img src=\"https:\/\/rws-elektro.com\/wp-content\/uploads\/2021\/01\/Bild-20.jpg\" alt=\"Images\" \/>\n          <div class=\"overlay\"><\/div>  \n          <div class=\"search \">\n            <a class=\"sb\" href=\"https:\/\/rws-elektro.com\/wp-content\/uploads\/2021\/01\/Bild-20.jpg\">\n              <i class=\"fa fa-crosshairs\"><\/i>\n            <\/a>          \n          <\/div>\n      <\/div>\n    <\/div>\n        <div class=\"col-xl-4   col-md-6\">    \n      <div class=\"dustrial-gallery-item wow  mb-30\">\n          <img src=\"https:\/\/rws-elektro.com\/wp-content\/uploads\/2021\/01\/Bild-22.jpg\" alt=\"Images\" \/>\n          <div class=\"overlay\"><\/div>  \n          <div class=\"search \">\n            <a class=\"sb\" href=\"https:\/\/rws-elektro.com\/wp-content\/uploads\/2021\/01\/Bild-22.jpg\">\n              <i class=\"fa fa-crosshairs\"><\/i>\n            <\/a>          \n          <\/div>\n      <\/div>\n    <\/div>\n        <div class=\"col-xl-4   col-md-6\">    \n      <div class=\"dustrial-gallery-item wow  mb-30\">\n          <img src=\"https:\/\/rws-elektro.com\/wp-content\/uploads\/2021\/01\/Bild-23-scaled.jpg\" alt=\"Images\" \/>\n          <div class=\"overlay\"><\/div>  \n          <div class=\"search \">\n            <a class=\"sb\" href=\"https:\/\/rws-elektro.com\/wp-content\/uploads\/2021\/01\/Bild-23-scaled.jpg\">\n              <i class=\"fa fa-crosshairs\"><\/i>\n            <\/a>          \n          <\/div>\n      <\/div>\n    <\/div>\n      <\/div>\n<\/div><!-- \/.image-gallery -->\n[\/vc_column][\/vc_row]<\/p>\n","protected":false},"excerpt":{"rendered":"<p>[vc_row][vc_column][vc_empty_space height=\u00a0\u00bb40px\u00a0\u00bb][vc_wp_custommenu nav_menu=\u00a0\u00bb36&Prime; el_class=\u00a0\u00bbfirmennavi\u00a0\u00bb][vc_empty_space height=\u00a0\u00bb40px\u00a0\u00bb][\/vc_column][\/vc_row][vc_row][vc_column][vc_column_text]Les unit\u00e9s de cog\u00e9n\u00e9ration sont r\u00e9guli\u00e8rement entretenues par des techniciens bien form\u00e9s. Nous n\u2019observons pas seulement le moteur lui-m\u00eame, mais nous v\u00e9rifions les unit\u00e9s de cog\u00e9n\u00e9ration dans son ensemble. Car ce n\u2019est que lorsque la p\u00e9riph\u00e9rie fonctionne correctement que le client peut utiliser correctement tout le potentiel de la cog\u00e9n\u00e9ration.[\/vc_column_text][\/vc_column][\/vc_row][vc_row][vc_column][vc_separator][\/vc_column][\/vc_row][vc_row][vc_column][\/vc_column][\/vc_row]<\/p>\n","protected":false},"author":1,"featured_media":0,"parent":3298,"menu_order":0,"comment_status":"closed","ping_status":"closed","template":"page-template\/blank-page-sidebar.php","meta":[],"_links":{"self":[{"href":"https:\/\/rws-elektro.com\/fr\/wp-json\/wp\/v2\/pages\/3480"}],"collection":[{"href":"https:\/\/rws-elektro.com\/fr\/wp-json\/wp\/v2\/pages"}],"about":[{"href":"https:\/\/rws-elektro.com\/fr\/wp-json\/wp\/v2\/types\/page"}],"author":[{"embeddable":true,"href":"https:\/\/rws-elektro.com\/fr\/wp-json\/wp\/v2\/users\/1"}],"replies":[{"embeddable":true,"href":"https:\/\/rws-elektro.com\/fr\/wp-json\/wp\/v2\/comments?post=3480"}],"version-history":[{"count":2,"href":"https:\/\/rws-elektro.com\/fr\/wp-json\/wp\/v2\/pages\/3480\/revisions"}],"predecessor-version":[{"id":3482,"href":"https:\/\/rws-elektro.com\/fr\/wp-json\/wp\/v2\/pages\/3480\/revisions\/3482"}],"up":[{"embeddable":true,"href":"https:\/\/rws-elektro.com\/fr\/wp-json\/wp\/v2\/pages\/3298"}],"wp:attachment":[{"href":"https:\/\/rws-elektro.com\/fr\/wp-json\/wp\/v2\/media?parent=3480"}],"curies":[{"name":"wp","href":"https:\/\/api.w.org\/{rel}","templated":true}]}}