{"id":3517,"date":"2021-04-20T18:08:27","date_gmt":"2021-04-20T16:08:27","guid":{"rendered":"https:\/\/rws-elektro.com\/commerce-et-distribution\/"},"modified":"2021-04-20T18:08:29","modified_gmt":"2021-04-20T16:08:29","slug":"commerce-et-distribution","status":"publish","type":"page","link":"https:\/\/rws-elektro.com\/fr\/commerce-et-distribution\/","title":{"rendered":"Commerce et distribution"},"content":{"rendered":"<p>[vc_row][vc_column][vc_empty_space height=\u00a0\u00bb40px\u00a0\u00bb][vc_wp_custommenu nav_menu=\u00a0\u00bb37&Prime; el_class=\u00a0\u00bbfirmennavi\u00a0\u00bb][vc_empty_space height=\u00a0\u00bb40px\u00a0\u00bb][\/vc_column][\/vc_row][vc_row][vc_column]\n    <div class=\" dustrial-stitle-69fc46c9e25dc section-title  wow \">\n      <div class=\"section-thumb\"><img src=\"https:\/\/rws-elektro.com\/wp-content\/uploads\/2019\/01\/title-icon-1-2.png\" alt=\"title icon\"><\/div>\n      <div class=\"section-body\">\n        <h6 class=\"sub-title activeColor\">RWS Distribution Africa Sarl<\/h6>\n        <h3 class=\"m-0 main-title\">Commerce et distribution<\/h3>\n      <\/div>\n    <\/div>\n\n  [vc_column_text]Nous vous proposons des produits dans le domaine de la production d\u2019\u00e9nergie, de l\u2019acquisition d\u2019\u00e9nergie et de l\u2019optimisation. Si vous ne savez pas exactement de quoi vous avez besoin, ce n\u2019est pas un probl\u00e8me pour notre personnel bien form\u00e9. Nous trouverons pour vous la solution appropri\u00e9e.  <\/p>\n<p>Nous vous proposons des produits de fabricants de r\u00e9put\u00e9s:<\/p>\n<ul>\n<li>Motortech (produits pour moteurs \u00e0 gaz)<\/li>\n<li>Metreg (compteur de gaz et conversion)<\/li>\n<li>Siemens (mesure de la quantit\u00e9 de chaleur et de r\u00e8gles)<\/li>\n<li>Siemens (syst\u00e8mes d\u2019acquisition et de visualisation de l\u2019\u00e9nergie)<\/li>\n<li>Sontex (mesure de la quantit\u00e9 de chaleur et mesure de la quantit\u00e9 d\u2019ea<\/li>\n<\/ul>\n<p>[\/vc_column_text][\/vc_column][\/vc_row][vc_row][vc_column][vc_separator][\/vc_column][\/vc_row][vc_row][vc_column]<div class=\"image-gallery\">\n  <div class=\"row \">\n        <div class=\"col-xl-6   col-md-6\">    \n      <div class=\"dustrial-gallery-item wow  mb-30\">\n          <img src=\"https:\/\/rws-elektro.com\/wp-content\/uploads\/2021\/01\/Bild-32.jpg\" alt=\"Images\" \/>\n          <div class=\"overlay\"><\/div>  \n          <div class=\"search \">\n            <a class=\"sb\" href=\"https:\/\/rws-elektro.com\/wp-content\/uploads\/2021\/01\/Bild-32.jpg\">\n              <i class=\"fa fa-crosshairs\"><\/i>\n            <\/a>          \n          <\/div>\n      <\/div>\n    <\/div>\n        <div class=\"col-xl-6   col-md-6\">    \n      <div class=\"dustrial-gallery-item wow  mb-30\">\n          <img src=\"https:\/\/rws-elektro.com\/wp-content\/uploads\/2021\/01\/Bild-33.jpg\" alt=\"Images\" \/>\n          <div class=\"overlay\"><\/div>  \n          <div class=\"search \">\n            <a class=\"sb\" href=\"https:\/\/rws-elektro.com\/wp-content\/uploads\/2021\/01\/Bild-33.jpg\">\n              <i class=\"fa fa-crosshairs\"><\/i>\n            <\/a>          \n          <\/div>\n      <\/div>\n    <\/div>\n        <div class=\"col-xl-6   col-md-6\">    \n      <div class=\"dustrial-gallery-item wow  mb-30\">\n          <img src=\"https:\/\/rws-elektro.com\/wp-content\/uploads\/2021\/01\/Bild-34.jpg\" alt=\"Images\" \/>\n          <div class=\"overlay\"><\/div>  \n          <div class=\"search \">\n            <a class=\"sb\" href=\"https:\/\/rws-elektro.com\/wp-content\/uploads\/2021\/01\/Bild-34.jpg\">\n              <i class=\"fa fa-crosshairs\"><\/i>\n            <\/a>          \n          <\/div>\n      <\/div>\n    <\/div>\n        <div class=\"col-xl-6   col-md-6\">    \n      <div class=\"dustrial-gallery-item wow  mb-30\">\n          <img src=\"https:\/\/rws-elektro.com\/wp-content\/uploads\/2021\/01\/Bild-35.jpg\" alt=\"Images\" \/>\n          <div class=\"overlay\"><\/div>  \n          <div class=\"search \">\n            <a class=\"sb\" href=\"https:\/\/rws-elektro.com\/wp-content\/uploads\/2021\/01\/Bild-35.jpg\">\n              <i class=\"fa fa-crosshairs\"><\/i>\n            <\/a>          \n          <\/div>\n      <\/div>\n    <\/div>\n      <\/div>\n<\/div><!-- \/.image-gallery -->\n[\/vc_column][\/vc_row][vc_row][vc_column][vc_empty_space][\/vc_column][\/vc_row]<\/p>\n","protected":false},"excerpt":{"rendered":"<p>[vc_row][vc_column][vc_empty_space height=\u00a0\u00bb40px\u00a0\u00bb][vc_wp_custommenu nav_menu=\u00a0\u00bb37&Prime; el_class=\u00a0\u00bbfirmennavi\u00a0\u00bb][vc_empty_space height=\u00a0\u00bb40px\u00a0\u00bb][\/vc_column][\/vc_row][vc_row][vc_column][vc_column_text]Nous vous proposons des produits dans le domaine de la production d\u2019\u00e9nergie, de l\u2019acquisition d\u2019\u00e9nergie et de l\u2019optimisation. Si vous ne savez pas exactement de quoi vous avez besoin, ce n\u2019est pas un probl\u00e8me pour notre personnel bien form\u00e9. Nous trouverons pour vous la solution appropri\u00e9e. Nous vous proposons des produits [&hellip;]<\/p>\n","protected":false},"author":1,"featured_media":0,"parent":0,"menu_order":0,"comment_status":"closed","ping_status":"closed","template":"page-template\/blank-page-sidebar.php","meta":[],"_links":{"self":[{"href":"https:\/\/rws-elektro.com\/fr\/wp-json\/wp\/v2\/pages\/3517"}],"collection":[{"href":"https:\/\/rws-elektro.com\/fr\/wp-json\/wp\/v2\/pages"}],"about":[{"href":"https:\/\/rws-elektro.com\/fr\/wp-json\/wp\/v2\/types\/page"}],"author":[{"embeddable":true,"href":"https:\/\/rws-elektro.com\/fr\/wp-json\/wp\/v2\/users\/1"}],"replies":[{"embeddable":true,"href":"https:\/\/rws-elektro.com\/fr\/wp-json\/wp\/v2\/comments?post=3517"}],"version-history":[{"count":5,"href":"https:\/\/rws-elektro.com\/fr\/wp-json\/wp\/v2\/pages\/3517\/revisions"}],"predecessor-version":[{"id":3522,"href":"https:\/\/rws-elektro.com\/fr\/wp-json\/wp\/v2\/pages\/3517\/revisions\/3522"}],"wp:attachment":[{"href":"https:\/\/rws-elektro.com\/fr\/wp-json\/wp\/v2\/media?parent=3517"}],"curies":[{"name":"wp","href":"https:\/\/api.w.org\/{rel}","templated":true}]}}