{"id":3523,"date":"2021-04-20T18:12:36","date_gmt":"2021-04-20T16:12:36","guid":{"rendered":"https:\/\/rws-elektro.com\/optimisation-des-installations\/"},"modified":"2021-04-20T18:12:36","modified_gmt":"2021-04-20T16:12:36","slug":"optimisation-des-installations","status":"publish","type":"page","link":"https:\/\/rws-elektro.com\/fr\/rws-service-africa-sarl\/optimisation-des-installations\/","title":{"rendered":"Optimisation des installations"},"content":{"rendered":"<p>[vc_row][vc_column][vc_empty_space height=\u00a0\u00bb40px\u00a0\u00bb][vc_wp_custommenu nav_menu=\u00a0\u00bb36&Prime; el_class=\u00a0\u00bbfirmennavi\u00a0\u00bb][vc_empty_space height=\u00a0\u00bb40px\u00a0\u00bb][\/vc_column][\/vc_row][vc_row][vc_column]\n    <div class=\" dustrial-stitle-69fc43eaf4024 section-title  wow \">\n      <div class=\"section-thumb\"><img src=\"https:\/\/rws-elektro.com\/wp-content\/uploads\/2019\/01\/title-icon-1-2.png\" alt=\"title icon\"><\/div>\n      <div class=\"section-body\">\n        <h6 class=\"sub-title activeColor\">RWS Service Africa Sarl<\/h6>\n        <h3 class=\"m-0 main-title\">Optimisation des installations<\/h3>\n      <\/div>\n    <\/div>\n\n  [vc_column_text]M\u00eame si l\u2019installation a \u00e9t\u00e9 bien planifi\u00e9e en elle-m\u00eame, chaque installation a un potentiel d\u2019optimisation. Avec des sp\u00e9cialistes internes et externes exp\u00e9riment\u00e9s, nous faisons face au d\u00e9fi et essayons d\u2019optimiser l\u2019installation autant que possible.[\/vc_column_text][\/vc_column][\/vc_row][vc_row][vc_column][vc_empty_space height=\u00a0\u00bb50px\u00a0\u00bb][\/vc_column][\/vc_row]<\/p>\n","protected":false},"excerpt":{"rendered":"<p>[vc_row][vc_column][vc_empty_space height=\u00a0\u00bb40px\u00a0\u00bb][vc_wp_custommenu nav_menu=\u00a0\u00bb36&Prime; el_class=\u00a0\u00bbfirmennavi\u00a0\u00bb][vc_empty_space height=\u00a0\u00bb40px\u00a0\u00bb][\/vc_column][\/vc_row][vc_row][vc_column][vc_column_text]M\u00eame si l\u2019installation a \u00e9t\u00e9 bien planifi\u00e9e en elle-m\u00eame, chaque installation a un potentiel d\u2019optimisation. Avec des sp\u00e9cialistes internes et externes exp\u00e9riment\u00e9s, nous faisons face au d\u00e9fi et essayons d\u2019optimiser l\u2019installation autant que possible.[\/vc_column_text][\/vc_column][\/vc_row][vc_row][vc_column][vc_empty_space height=\u00a0\u00bb50px\u00a0\u00bb][\/vc_column][\/vc_row]<\/p>\n","protected":false},"author":1,"featured_media":0,"parent":3298,"menu_order":0,"comment_status":"closed","ping_status":"closed","template":"page-template\/blank-page-sidebar.php","meta":[],"_links":{"self":[{"href":"https:\/\/rws-elektro.com\/fr\/wp-json\/wp\/v2\/pages\/3523"}],"collection":[{"href":"https:\/\/rws-elektro.com\/fr\/wp-json\/wp\/v2\/pages"}],"about":[{"href":"https:\/\/rws-elektro.com\/fr\/wp-json\/wp\/v2\/types\/page"}],"author":[{"embeddable":true,"href":"https:\/\/rws-elektro.com\/fr\/wp-json\/wp\/v2\/users\/1"}],"replies":[{"embeddable":true,"href":"https:\/\/rws-elektro.com\/fr\/wp-json\/wp\/v2\/comments?post=3523"}],"version-history":[{"count":2,"href":"https:\/\/rws-elektro.com\/fr\/wp-json\/wp\/v2\/pages\/3523\/revisions"}],"predecessor-version":[{"id":3525,"href":"https:\/\/rws-elektro.com\/fr\/wp-json\/wp\/v2\/pages\/3523\/revisions\/3525"}],"up":[{"embeddable":true,"href":"https:\/\/rws-elektro.com\/fr\/wp-json\/wp\/v2\/pages\/3298"}],"wp:attachment":[{"href":"https:\/\/rws-elektro.com\/fr\/wp-json\/wp\/v2\/media?parent=3523"}],"curies":[{"name":"wp","href":"https:\/\/api.w.org\/{rel}","templated":true}]}}